{"id":6091,"date":"2021-07-01T18:34:03","date_gmt":"2021-07-01T16:34:03","guid":{"rendered":"https:\/\/www.letiziacavallaro.com\/?page_id=6091"},"modified":"2025-05-29T13:48:45","modified_gmt":"2025-05-29T11:48:45","slug":"condizioni-di-vendita","status":"publish","type":"page","link":"https:\/\/letiziacavallaro.visicomweb.it\/en\/condizioni-di-vendita\/","title":{"rendered":"Condizioni di Vendita"},"content":{"rendered":"<section class=\"wpb-content-wrapper\"><p>[vc_row][vc_column][vc_column_text]<b>CONDIZIONI DI VENDITA<\/b><\/p>\n<p><span style=\"font-weight: 400;\">L\u2019offerta e la vendita di prodotti presenti su \u201cLetiziacavallaro.com\u201d sono regolate dalle seguenti Condizioni Generali di Vendita.<\/span><\/p>\n<p><span style=\"font-weight: 400;\">I prodotti acquistati su \u201cLetiziacavallaro.com\u201d sono realizzati da Letizia Cavallaro e venduti da Roberto Pittari con sede in Via due Fontane, 93100 Caltanissetta (CL)\u00a0 P.Iva 01954520852. Letizia Cavallaro \u00e8 un marchio di Roberto Pittari<\/span><\/p>\n<p><span style=\"font-weight: 400;\">1.1) Queste Condizioni Generali di Vendita regolano esclusivamente l&#8217;offerta, l&#8217;inoltro e l&#8217;accettazione di ordini d&#8217;acquisto di prodotti su \u201cLetiziacavallaro.com\u201d tra gli utenti del sito &#8220;Letiziacavallaro.com&#8221; ed il Venditore.<\/span><\/p>\n<p><span style=\"font-weight: 400;\">1.2 ) Tramite \u201cLetiziacavallaro.com\u201d il Venditore offre in vendita i prodotti e svolge la propria attivit\u00e0 di commercio elettronico esclusivamente nei confronti dei propri utenti finali che siano &#8220;consumatori&#8221;, ovvero qualsiasi persona fisica che agisce con finalit\u00e0 non riferibili alla propria attivit\u00e0 commerciale, imprenditoriale o professionale, eventualmente svolta.\u00a0\u00a0\u00a0\u00a0\u00a0\u00a0\u00a0\u00a0\u00a0\u00a0\u00a0\u00a0<\/span><\/p>\n<p><span style=\"font-weight: 400;\">Il Venditore, pertanto, si riserva il diritto di non dare seguito ad ordini provenienti da soggetti diversi dal &#8220;consumatore&#8221; o comunque ad ordini che non siano conformi alla propria politica commerciale.<\/span><\/p>\n<p><b>CONCLUSIONE DEL CONTRATTO TRA CONSUMATORE E VENDITORE<\/b><\/p>\n<p><span style=\"font-weight: 400;\">Il consumatore che intenda effettuare un ordine d\u2019acquisto di uno o pi\u00f9 prodotti su \u201cLetiziacavallaro.com\u201d, al fine di concludere il contratto di acquisto deve compilare il modulo d&#8217;ordine in formato elettronico e trasmetterlo al Venditore, per via telematica, seguendo le relative istruzioni.<\/span><\/p>\n<ul>\n<li><span style=\"font-weight: 400;\"> Nel modulo d&#8217;ordine \u00e8 contenuto un rinvio alle presenti Condizioni Generali di Vendita e all\u2019Informativa sul Diritto di Recesso, nonch\u00e9 un riepilogo delle informazioni sulle caratteristiche essenziali di ciascun prodotto ordinato ed il relativo prezzo (comprensivo di tutte le tasse o imposte applicabili se previste), dei mezzi di pagamento accettati e delle modalit\u00e0 di consegna dei prodotti acquistati, dei costi di spedizione e di consegna, delle condizioni per l&#8217;esercizio del diritto di recesso e delle modalit\u00e0 e dei tempi di restituzione dei prodotti acquistati.<\/span><\/li>\n<li><span style=\"font-weight: 400;\"> I prezzi dei prodotti potrebbero essere soggetti ad aggiornamenti. Il consumatore \u00e8 tenuto a verificare il prezzo finale di vendita prima di inoltrare il relativo modulo d\u2019ordine.<\/span><\/li>\n<li><span style=\"font-weight: 400;\"> Il contratto \u00e8 concluso quando il Venditore riceve, per via telematica, il modulo d\u2019ordine e la conferma di pagamento.<\/span><\/li>\n<li><span style=\"font-weight: 400;\"> Concluso il contratto e ricevuto il pagamento, il Venditore prender\u00e0 in carico l\u2019ordine d\u2019acquisto.<\/span><\/li>\n<li><span style=\"font-weight: 400;\"> Il modulo d&#8217;ordine sar\u00e0 archiviato presso la banca dati del venditore per il periodo di tempo necessario all&#8217;evasione degli ordini e comunque nei termini di legge. Il consumatore potr\u00e0 visionare gli ordini effettuati, accedendo al suo profilo e consultando l\u2019apposita sezione.<\/span><\/li>\n<li><span style=\"font-weight: 400;\"> Il Venditore si riserva di non dare corso agli ordini d&#8217;acquisto che risultino sospetti, incompleti o non corretti, che non diano sufficienti garanzie di solvibilit\u00e0 ovvero in caso di indisponibilit\u00e0 dei prodotti. In questi casi, il venditore provveder\u00e0 ad informare a mezzo e-mail il consumatore che il contratto non \u00e8 concluso e che il Venditore non ha dato seguito all\u2019ordine d&#8217;acquisto.<\/span><\/li>\n<li><span style=\"font-weight: 400;\"> Qualora i prodotti presentati su \u201cLetiziacavallaro.com\u201d non siano pi\u00f9 disponibili o in vendita al momento dell\u2019ultimo accesso al sito ovvero dell&#8217;invio del modulo d&#8217;ordine, sar\u00e0 cura del Venditore comunicare al consumatore l&#8217;eventuale indisponibilit\u00e0 dei prodotti ordinati. In caso di inoltro del modulo d&#8217;ordine e pagamento del prezzo, il Venditore provveder\u00e0 a rimborsare la somma relativa, senza essere tenuto ad alcun tipo di ulteriore risarcimento.<\/span><\/li>\n<li><span style=\"font-weight: 400;\"> Qualora la realizzazione degli oggetti ordinati e\/o la spedizione sicura degli stessi fosse impedita da omissioni e\/o errori, nel modulo l&#8217;ordine, imputabili al cliente, e questo non dovesse rispondere alle email di Letizia Cavallaro per &#8220;Letiziacavallaro.com&#8221;, il venditore, trascorsi 14 giorni dalla prima email di richiesta inviata da &#8220;Letiziacavallaro.com&#8221;, si riserva il diritto di cancellare l&#8217;ordine e non dargli seguito. Qualora le informazioni mancanti o non conformi alla descrizione del prodotto ordinato, impedissero la realizzazione dell&#8217;oggetto, il venditore rimborser\u00e0 l&#8217;intero importo dell&#8217;ordine. Se invece le informazioni mancanti o di dubbia correttezza permettono s\u00ec la realizzazione degli oggetti ma non la loro spedizione sicura, il venditore si riserva il diritto di trattenere a tempo indeterminato, presso la suddetta sede di Caltanissetta (CL), la merce e il suo importo compreso di spese di spedizione.<\/span><\/li>\n<\/ul>\n<p><b>DIRITTO DI RECESSO<\/b><\/p>\n<p><span style=\"font-weight: 400;\">Il diritto di recesso, ai sensi dell&#8217;art. 5 comma 3 DL 186\/99, non \u00e8 applicabile ai prodotti realizzati personalizzati o realizzati su misura. Il diritto di recesso si applica entro 14 giorni lavorativi dalla data di ricevimento della merce, \u00e8 altres\u00ec valido se la merce presenta problemi di fabbricazione. Non vengono riconosciuti come problemi di fabbricazione peculiarit\u00e0 dell&#8217;oggetto descritte ed anticipate nella sua stessa pagina di descrizione su &#8220;Letiziacavallaro.com&#8221;.<\/span><\/p>\n<p><span style=\"font-weight: 400;\">&#8220;Letiziacavallaro.com&#8221; rimane comunque a disposizione per risolvere eventuali errori (sistemazione, suggerimenti su come procedere).\u00a0<\/span><\/p>\n<p><span style=\"font-weight: 400;\">Qualora esistessero provati difetti di fabbricazione, il cliente potr\u00e0 esercitare diritto di recesso su tutta la merce acquistata presso www.letiziacavallaro.com secondo le seguenti regole:<\/span><\/p>\n<p><span style=\"font-weight: 400;\">per esercitare il diritto di recesso il cliente dovr\u00e0 inviare una comunicazione nella quale si afferma tale intenzione,<\/span><b> entro 14 giorni lavorativi<\/b><span style=\"font-weight: 400;\"> dalla data di ricevimento della merce, a mezzo di email a info@letiziacavallaro.com.<\/span><\/p>\n<p><span style=\"font-weight: 400;\">Con il ricevimento della comunicazione di recesso &#8220;Letiziacavallaro.com&#8221; provveder\u00e0 a comunicare tramite e-mail le modalit\u00e0 di restituzione della merce. <\/span><b>Le spese di spedizione per la restituzione della merce sono a carico del cliente.\u00a0<\/b><\/p>\n<p><span style=\"font-weight: 400;\">La merce dovr\u00e0 essere restituita integra in tutte le sue parti, con l&#8217;imballo di origine non manomesso e corredata del documento di acquisto. In caso di restituzione di merce danneggiata il diritto di recesso e quindi di rimborso non potr\u00e0 essere esercitato dal cliente.\u00a0<\/span><\/p>\n<p><span style=\"font-weight: 400;\">&#8220;Letiziacavallaro.com&#8221; si riserva il diritto di rifiutare resi non autorizzati o comunque non conformi a tutte le condizioni previste.<\/span><\/p>\n<p><b>Dopo l&#8217;accertamento dell&#8217;integrit\u00e0 del prodotto restituito &#8220;Letiziacavallaro.com&#8221; provveder\u00e0 a rimborsare al cliente l&#8217;intero importo da lui inizialmente pagato escluse le spese di spedizione,\u00a0 entro 14 giorni dalla data di spedizione di ritorno della merce.\u00a0<\/b><\/p>\n<p><span style=\"font-weight: 400;\">Qualora il cliente avesse effettuato un ordine online e completato il pagamento tramite carta di credito o paypal e non avesse ancora ricevuto la merce ha il diritto di annullare l&#8217;ordine entro 14gg avvisando il commerciante tramite mail all&#8217;indirizzo info@letiziacavallaro.com.<\/span><\/p>\n<p><b>CARATTERISTICHE DEGLI OGGETTI IN VENDITA<\/b><\/p>\n<ul>\n<li><span style=\"font-weight: 400;\"> Su \u201cLetiziacavallaro.com\u201d sono in vendita solo prodotti originali e fatti a mano in Italia da Letizia Cavallaro.<\/span><\/li>\n<li><span style=\"font-weight: 400;\"> Le caratteristiche essenziali dei prodotti presenti su \u201cLetiziacavallaro.com\u201d sono presentate all&#8217;interno di ciascuna scheda prodotto.\u00a0<\/span><\/li>\n<li><span style=\"font-weight: 400;\"> La conclusione del procedimento di acquisto sottintende la lettura ed accettazione delle caratteristiche del prodotto riportate su &#8220;Letiziacavallaro.com&#8221;. Le immagini ed i colori dei prodotti offerti in vendita potrebbero tuttavia non essere esattamente corrispondenti a quelli reali per effetto del browser Internet e del monitor utilizzato.<\/span><\/li>\n<\/ul>\n<p><b>PAGAMENTI<\/b><\/p>\n<p><span style=\"font-weight: 400;\">Le modalit\u00e0 di pagamento del prezzo dei prodotti e delle relative spese di spedizione e consegna sono indicate nella relativa sezione FAQ e costituiscono parte integrante delle presenti Condizioni di Vendita.<\/span><\/p>\n<p><b>SPEDIZIONE<\/b><\/p>\n<ul>\n<li><span style=\"font-weight: 400;\"> La spedizione dei prodotti ordinati su \u201cLetiziacavallaro.com\u201d avviene tramite corriere espresso UPS.<\/span><\/li>\n<li><span style=\"font-weight: 400;\"> I tempi di consegna comprendono solo giorni lavorativi e non prevedono weekend e festivit\u00e0.<\/span><\/li>\n<li><span style=\"font-weight: 400;\"> Per Livigno, Campione d\u2019Italia, Venezia, localit\u00e0 disagiate e isole minori potrebbe essere richiesto un supplemento.<\/span><\/li>\n<li><b>In caso di mancata consegna a causa di non reperibilit\u00e0, di destinatario &#8220;assente&#8221; o &#8220;sconosciuto&#8221; e di informazioni scorrette o incomplete fornite dal cliente, verr\u00e0 effettuato un secondo invio a titolo gratuito. Dopo due tenativi il pacco andr\u00e0 in giacenza, svincolare una giacenza ha un costo di 10\u20ac che sar\u00e0 a carico del cliente.<\/b><span style=\"font-weight: 400;\"> Qualora il cliente non volesse sostenere il costo della seconda spedizione della merce e\/o non rispondesse ad email inviate da Letizia Cavallaro per conto di &#8220;Letiziacavallaro.com&#8221;, il venditore, a sua discrezione, potr\u00e0 trattenere a tempo indeterminato la merce e il denaro del cliente, potr\u00e0 cancellare l&#8217;ordine risarcendo il cliente del solo costo dei prodotti, potr\u00e0 cancellare l&#8217;ordine trattenendo il 30% dell&#8217;importo totale, oppure potr\u00e0 scegliere di spedire l&#8217;ordine, a sue spese, a mezzo di Posta prioritaria esulandosi per\u00f2 da qualsiasi responsabilit\u00e0 in merito al trasporto, alla consegna e alla non-consegna dello stesso.<\/span><\/li>\n<li><span style=\"font-weight: 400;\"> I tempi di spedizione sono subordinati alla disponibilit\u00e0 del prodotto. Di norma 2-3 giorni lavorativi per l\u2019italia e i paesi della UE; 3-6 giorni lavorativi per gli altri paesi.<\/span><\/li>\n<\/ul>\n<p><b>CONDIZIONI D\u2019USO<\/b><\/p>\n<p><span style=\"font-weight: 400;\">L\u2019accesso e l\u2019uso di \u201cLetiziacavallaro.com\u201d sono regolati dalle presenti Condizioni Generali d\u2019Uso. Pertanto l\u2019accesso a questo sito, cos\u00ec come il suo uso e l\u2019acquisto dei prodotti in essi presentanti, presuppongono la lettura, la conoscenza e l\u2019accettazione di queste Condizioni Generali d\u2019Uso.<\/span><\/p>\n<p><span style=\"font-weight: 400;\">\u201cLetiziacavallaro.com\u201d \u00e8 un sito web gestito da Roberto Pittari, e P.Iva 01954520852.<\/span><\/p>\n<p><b>MODIFICHE DELLE CONDIZIONI D\u2019USO<\/b><\/p>\n<p><span style=\"font-weight: 400;\">Il gestore potr\u00e0 modificare o semplicemente aggiornare, in tutto o in parte, queste Condizioni Generali d\u2019Uso. Questi aggiornamenti o modifiche saranno notificati agli utente nella Home page o tramite email non appena adottati e saranno vincolanti non appena pubblicati sul sito web in questa stessa sessione. L\u2019accesso e l\u2019utilizzo del sito presuppongono l\u2019accettazione da parte dell\u2019utente delle presenti condizioni d\u2019uso.<\/span><\/p>\n<p><b>RESPONSABILIT\u00c0\u2019 PER L\u2019UTILIZZO DEL SITO<\/b><\/p>\n<ul>\n<li><span style=\"font-weight: 400;\"> L\u2019accesso e l\u2019uso di \u201cLetiziacavallaro.com\u201d, compresa la visualizzazione delle pagine web, la comunicazione con il Gestore (Letizia Cavallaro), la possibilit\u00e0 di scaricare informazioni sui prodotti e l\u2019acquisto di questi sul sito web, sono delle attivit\u00e0 condotte dall\u2019utente esclusivamente per usi personali estranei a qualsiasi attivit\u00e0 commerciale, imprenditoriale e professionale. Ogni utente \u00e8 personalmente responsabile per l\u2019uso di \u201cLetiziacavallaro.com\u201d e dei relativi contenuti. Il Gestore non sar\u00e0 responsabile deluso non conforme alle norme di legge vigenti, del sito web e dei contenuti da parte di ciascuno dei propri utenti, salva la responsabilit\u00e0 per dolo e colpa grave. In particolare, l\u2019utente sar\u00e0 l\u2019unico ed il solo responsabile per la comunicazione di informazioni e di dati non corretti, falsi o relativi a terzi soggetti, senza che questi abbiano espresso il loro consenso, nonch\u00e9 in considerazione di un uso non corretto degli stessi.<\/span><\/li>\n<li><span style=\"font-weight: 400;\"> Ogni materiale scaricato o altrimenti ottenuto attraverso l\u2019uso del servizio \u00e8 a scelta e a rischio dell\u2019utente, pertanto ogni responsabilit\u00e0 per eventuali danni a sistemi di computer o perdite di dati risultanti dalle operazioni di scarico ricade sull\u2019utente e non potr\u00e0 essere imputata al Gestore. Il Gestore declina ogni responsabilit\u00e0 per eventuali danni derivanti dall&#8217;inaccessibilit\u00e0 ai servizi presenti sul sito o da eventuali danni causati da virus, file danneggiati, errori, omissioni, interruzioni del servizio, cancellazioni dei contenuti, problemi connessi alla rete, ai provider o a collegamenti telefonici e\/o telematici, ad accessi non autorizzati, ad alterazioni di dati, al mancato e\/o difettoso funzionamento delle apparecchiature elettroniche dell&#8217;utente stesso.<\/span><\/li>\n<li><span style=\"font-weight: 400;\"> L\u2019utente \u00e8 responsabile della custodia e del corretto utilizzo delle proprie informazioni personali, ivi comprese le credenziali che consentono di accedere ai servizi riservati, nonch\u00e9 di ogni conseguenza dannosa o pregiudizio che dovesse derivare a carico di il Gestore ovvero di terzi a seguito del non corretto utilizzo, dello smarrimento, sottrazione di tali informazioni.<\/span><\/li>\n<\/ul>\n<p><b>DIRITTI DI PROPRIET\u00c0\u2019 INTELLETTUALE<\/b><\/p>\n<ul>\n<li><span style=\"font-weight: 400;\"> I contenuti di \u201cLetiziacavallaro.com\u201d, dunque le opere, le immagini, le fotografie, i disegni, le figure, i loghi ed ogni altro materiale, in qualsiasi formato, pubblicato su \u201cLetiziacavallaro.com\u201d , compresi i menu, le pagine web, la grafica, i colori, gli schemi, gli strumenti, i caratteri ed il design del sito web, i diagrammi, il layouts, i metodi, i processi, le funzioni ed il software che fanno parte di \u201cLetiziacavallaro.com\u201d , sono protetti dal diritto d&#8217;autore e da ogni altro diritto di propriet\u00e0 intellettuale del Gestore e degli altri titolari dei diritti. <\/span><span style=\"font-weight: 400;\">\u00c8 vietata la riproduzione, in tutto o in parte, in qualsiasi forma, di \u201cLetiziacavallaro.com\u201d e dei suoi contenuti, senza il consenso espresso in forma scritta del Gestore.<\/span><span style=\"font-weight: 400;\"> Il Gestore e, ove necessario, i singoli autori delle opere pubblicate su \u201cLetiziacavallaro.com\u201d, hanno il diritto esclusivo di autorizzare o vietare la riproduzione diretta o indiretta, temporanea o permanente, in qualunque modo o forma, in tutto o in parte, di \u201cLetiziacavallaro.com\u201d e dei suoi contenuti.<\/span><\/li>\n<li><span style=\"font-weight: 400;\"> L\u2019utente \u00e8 autorizzato unicamente a visualizzare il sito ed i suoi contenuti. E\u2019 inoltre autorizzato a compiere tutti quegli altri atti di riproduzione temporanei, privi di rilievo economico proprio, che sono considerati transitori o accessori, parte integrante ed essenziale della stessa visualizzazione di \u201cLetiziacavallaro.com\u201d e dei suoi contenuti e tutte le altre operazioni di navigazione sul sito web che siano eseguite solo per un uso legittimo.\u00a0<\/span><\/li>\n<li><span style=\"font-weight: 400;\"> Gli autori di singole opere pubblicate su \u201cLetiziacavallaro.com\u201d hanno, in qualsiasi momento, il diritto di rivendicare la paternit\u00e0 delle proprie opere e di opporsi a qualsiasi deformazione, mutilazione od altra modificazione delle opere stesse compreso ogni atto a danno arrecato alle opere, che sia di pregiudizio al loro onore o alla loro reputazione.\u00a0<\/span><\/li>\n<li><span style=\"font-weight: 400;\"> L\u2019utente si impegna a rispettare il diritto d&#8217;autore di coloro che hanno scelto di pubblicare le loro opere su \u201cLetiziacavallaro.com\u201d o che hanno collaborato con il gestore alla creazione di nuove forme espressive ed artistiche destinate ad essere pubblicate, anche non in via esclusiva sul presente sito web.<\/span><\/li>\n<\/ul>\n<p><b>MARCHI E NOMI DI DOMINIO<\/b><\/p>\n<ul>\n<li><span style=\"font-weight: 400;\"> Tutti gli altri segni distintivi che contraddistinguono i prodotti venduti su \u201cLetiziacavallaro.com\u201d presenti sul sito web sono marchi registrati dei rispettivi titolari e sono utilizzati all&#8217;interno di \u201cLetiziacavallaro.com\u201d, al solo scopo di contraddistinguere, descrivere e pubblicizzare i prodotti in vendita.\u00a0<\/span><\/li>\n<li><span style=\"font-weight: 400;\"> Il Gestore e tutti gli altri titolari di marchi registrati hanno la facolt\u00e0 di far uso esclusivo dei marchi di rispettiva titolarit\u00e0. Qualsiasi uso di detti marchi non conforme alla legge e, comunque non autorizzato, \u00e8 vietato e verr\u00e0 perseguito a norma di legge. Non \u00e8 in alcun modo consentito usare detti marchi ed ogni altro segno distintivo presente su \u201cLetiziacavallaro.com\u201d per trarre indebitamente vantaggio dal carattere distintivo o dalla rinomanza di questi marchi o in modo da recare pregiudizio agli stessi ed ai loro titolari.<\/span><\/li>\n<\/ul>\n<p>[\/vc_column_text][\/vc_column][\/vc_row]<\/p>\n<\/section>","protected":false},"excerpt":{"rendered":"<p>[vc_row][vc_column][vc_column_text]CONDIZIONI DI VENDITA L\u2019offerta e la vendita di prodotti presenti su \u201cLetiziacavallaro.com\u201d sono regolate dalle seguenti Condizioni Generali di Vendita. I prodotti acquistati su \u201cLetiziacavallaro.com\u201d sono realizzati da Letizia Cavallaro e venduti da Roberto Pittari con sede in Via due Fontane, 93100 Caltanissetta (CL)\u00a0 P.Iva 01954520852. Letizia Cavallaro \u00e8 un marchio di Roberto Pittari 1.1) [&hellip;]<\/p>\n","protected":false},"author":1,"featured_media":0,"parent":0,"menu_order":0,"comment_status":"closed","ping_status":"closed","template":"","meta":{"footnotes":""},"class_list":["post-6091","page","type-page","status-publish","hentry"],"yoast_head":"<!-- This site is optimized with the Yoast SEO plugin v26.8 - https:\/\/yoast.com\/product\/yoast-seo-wordpress\/ -->\n<title>Condizioni di Vendita - Letizia Cavallaro<\/title>\n<meta name=\"robots\" content=\"noindex, follow, max-snippet:-1, max-image-preview:large, max-video-preview:-1\" \/>\n<meta property=\"og:locale\" content=\"en_US\" \/>\n<meta property=\"og:locale:alternate\" content=\"it_IT\" \/>\n<meta property=\"og:type\" content=\"article\" \/>\n<meta property=\"og:title\" content=\"Condizioni di Vendita - Letizia Cavallaro\" \/>\n<meta property=\"og:description\" content=\"[vc_row][vc_column][vc_column_text]CONDIZIONI DI VENDITA L\u2019offerta e la vendita di prodotti presenti su \u201cLetiziacavallaro.com\u201d sono regolate dalle seguenti Condizioni Generali di Vendita. I prodotti acquistati su \u201cLetiziacavallaro.com\u201d sono realizzati da Letizia Cavallaro e venduti da Roberto Pittari con sede in Via due Fontane, 93100 Caltanissetta (CL)\u00a0 P.Iva 01954520852. Letizia Cavallaro \u00e8 un marchio di Roberto Pittari 1.1) [&hellip;]\" \/>\n<meta property=\"og:url\" content=\"https:\/\/letiziacavallaro.visicomweb.it\/en\/condizioni-di-vendita\/\" \/>\n<meta property=\"og:site_name\" content=\"Letizia Cavallaro\" \/>\n<meta property=\"article:modified_time\" content=\"2025-05-29T11:48:45+00:00\" \/>\n<meta name=\"twitter:card\" content=\"summary_large_image\" \/>\n<meta name=\"twitter:label1\" content=\"Est. reading time\" \/>\n\t<meta name=\"twitter:data1\" content=\"10 minutes\" \/>\n<script type=\"application\/ld+json\" class=\"yoast-schema-graph\">{\"@context\":\"https:\/\/schema.org\",\"@graph\":[{\"@type\":\"WebPage\",\"@id\":\"https:\/\/letiziacavallaro.visicomweb.it\/condizioni-di-vendita\/\",\"url\":\"https:\/\/letiziacavallaro.visicomweb.it\/condizioni-di-vendita\/\",\"name\":\"Condizioni di Vendita - Letizia Cavallaro\",\"isPartOf\":{\"@id\":\"https:\/\/letiziacavallaro.visicomweb.it\/#website\"},\"datePublished\":\"2021-07-01T16:34:03+00:00\",\"dateModified\":\"2025-05-29T11:48:45+00:00\",\"breadcrumb\":{\"@id\":\"https:\/\/letiziacavallaro.visicomweb.it\/condizioni-di-vendita\/#breadcrumb\"},\"inLanguage\":\"en-US\",\"potentialAction\":[{\"@type\":\"ReadAction\",\"target\":[\"https:\/\/letiziacavallaro.visicomweb.it\/condizioni-di-vendita\/\"]}]},{\"@type\":\"BreadcrumbList\",\"@id\":\"https:\/\/letiziacavallaro.visicomweb.it\/condizioni-di-vendita\/#breadcrumb\",\"itemListElement\":[{\"@type\":\"ListItem\",\"position\":1,\"name\":\"Home\",\"item\":\"https:\/\/letiziacavallaro.visicomweb.it\/\"},{\"@type\":\"ListItem\",\"position\":2,\"name\":\"Condizioni di Vendita\"}]},{\"@type\":\"WebSite\",\"@id\":\"https:\/\/letiziacavallaro.visicomweb.it\/#website\",\"url\":\"https:\/\/letiziacavallaro.visicomweb.it\/\",\"name\":\"Letizia Cavallaro\",\"description\":\"Gioielli dal sapore di Sicilia\",\"potentialAction\":[{\"@type\":\"SearchAction\",\"target\":{\"@type\":\"EntryPoint\",\"urlTemplate\":\"https:\/\/letiziacavallaro.visicomweb.it\/?s={search_term_string}\"},\"query-input\":{\"@type\":\"PropertyValueSpecification\",\"valueRequired\":true,\"valueName\":\"search_term_string\"}}],\"inLanguage\":\"en-US\"}]}<\/script>\n<!-- \/ Yoast SEO plugin. -->","yoast_head_json":{"title":"Condizioni di Vendita - Letizia Cavallaro","robots":{"index":"noindex","follow":"follow","max-snippet":"max-snippet:-1","max-image-preview":"max-image-preview:large","max-video-preview":"max-video-preview:-1"},"og_locale":"en_US","og_type":"article","og_title":"Condizioni di Vendita - Letizia Cavallaro","og_description":"[vc_row][vc_column][vc_column_text]CONDIZIONI DI VENDITA L\u2019offerta e la vendita di prodotti presenti su \u201cLetiziacavallaro.com\u201d sono regolate dalle seguenti Condizioni Generali di Vendita. I prodotti acquistati su \u201cLetiziacavallaro.com\u201d sono realizzati da Letizia Cavallaro e venduti da Roberto Pittari con sede in Via due Fontane, 93100 Caltanissetta (CL)\u00a0 P.Iva 01954520852. Letizia Cavallaro \u00e8 un marchio di Roberto Pittari 1.1) [&hellip;]","og_url":"https:\/\/letiziacavallaro.visicomweb.it\/en\/condizioni-di-vendita\/","og_site_name":"Letizia Cavallaro","article_modified_time":"2025-05-29T11:48:45+00:00","twitter_card":"summary_large_image","twitter_misc":{"Est. reading time":"10 minutes"},"schema":{"@context":"https:\/\/schema.org","@graph":[{"@type":"WebPage","@id":"https:\/\/letiziacavallaro.visicomweb.it\/condizioni-di-vendita\/","url":"https:\/\/letiziacavallaro.visicomweb.it\/condizioni-di-vendita\/","name":"Condizioni di Vendita - Letizia Cavallaro","isPartOf":{"@id":"https:\/\/letiziacavallaro.visicomweb.it\/#website"},"datePublished":"2021-07-01T16:34:03+00:00","dateModified":"2025-05-29T11:48:45+00:00","breadcrumb":{"@id":"https:\/\/letiziacavallaro.visicomweb.it\/condizioni-di-vendita\/#breadcrumb"},"inLanguage":"en-US","potentialAction":[{"@type":"ReadAction","target":["https:\/\/letiziacavallaro.visicomweb.it\/condizioni-di-vendita\/"]}]},{"@type":"BreadcrumbList","@id":"https:\/\/letiziacavallaro.visicomweb.it\/condizioni-di-vendita\/#breadcrumb","itemListElement":[{"@type":"ListItem","position":1,"name":"Home","item":"https:\/\/letiziacavallaro.visicomweb.it\/"},{"@type":"ListItem","position":2,"name":"Condizioni di Vendita"}]},{"@type":"WebSite","@id":"https:\/\/letiziacavallaro.visicomweb.it\/#website","url":"https:\/\/letiziacavallaro.visicomweb.it\/","name":"Letizia Cavallaro","description":"Gioielli dal sapore di Sicilia","potentialAction":[{"@type":"SearchAction","target":{"@type":"EntryPoint","urlTemplate":"https:\/\/letiziacavallaro.visicomweb.it\/?s={search_term_string}"},"query-input":{"@type":"PropertyValueSpecification","valueRequired":true,"valueName":"search_term_string"}}],"inLanguage":"en-US"}]}},"_links":{"self":[{"href":"https:\/\/letiziacavallaro.visicomweb.it\/en\/wp-json\/wp\/v2\/pages\/6091","targetHints":{"allow":["GET"]}}],"collection":[{"href":"https:\/\/letiziacavallaro.visicomweb.it\/en\/wp-json\/wp\/v2\/pages"}],"about":[{"href":"https:\/\/letiziacavallaro.visicomweb.it\/en\/wp-json\/wp\/v2\/types\/page"}],"author":[{"embeddable":true,"href":"https:\/\/letiziacavallaro.visicomweb.it\/en\/wp-json\/wp\/v2\/users\/1"}],"replies":[{"embeddable":true,"href":"https:\/\/letiziacavallaro.visicomweb.it\/en\/wp-json\/wp\/v2\/comments?post=6091"}],"version-history":[{"count":4,"href":"https:\/\/letiziacavallaro.visicomweb.it\/en\/wp-json\/wp\/v2\/pages\/6091\/revisions"}],"predecessor-version":[{"id":11319,"href":"https:\/\/letiziacavallaro.visicomweb.it\/en\/wp-json\/wp\/v2\/pages\/6091\/revisions\/11319"}],"wp:attachment":[{"href":"https:\/\/letiziacavallaro.visicomweb.it\/en\/wp-json\/wp\/v2\/media?parent=6091"}],"curies":[{"name":"wp","href":"https:\/\/api.w.org\/{rel}","templated":true}]}}